{"id":187,"date":"2025-01-25T13:13:36","date_gmt":"2025-01-25T13:13:36","guid":{"rendered":"https:\/\/danielvarela.art\/store\/?post_type=product&#038;p=187"},"modified":"2025-06-08T20:44:00","modified_gmt":"2025-06-08T20:44:00","slug":"en-el-jardin-de-los-suenos","status":"publish","type":"product","link":"https:\/\/danielvarela.art\/store\/producto\/en-el-jardin-de-los-suenos\/","title":{"rendered":"En el Jard\u00edn de los Sue\u00f1os"},"content":{"rendered":"<p><strong>Fine Art<\/strong><br \/>\nImpresi\u00f3n Fine Art Gicl\u00e9e sobre papel fotogr\u00e1fico de alta calidad de acabado suave y sedoso garantizando una reproducci\u00f3n precisa de los colores y una durabilidad prolongada.<br \/>\nSe entrega acompa\u00f1ada de un Certificado de Autenticidad, garantizando su origen y singularidad.<br \/>\n<strong>Fine Art Enmarcado<\/strong><br \/>\nImpresi\u00f3n Fine Art en papel fotogr\u00e1fico sat\u00edn de 260 grs.<br \/>\nPaspart\u00fa cortado a medida, 100% libre de \u00e1cido.<br \/>\nMarco de madera de calidad.<br \/>\nCobertura vidrio cristalino.<br \/>\nTapa trasera de MDF.<br \/>\nSoportes, lista para colgar en la pared.<br \/>\nEmbalado en Pluribal.<br \/>\n<strong>Canvas<\/strong><br \/>\nImpresas con calidad de galer\u00eda sobre lienzo art\u00edstico de 260 g, su acabado mate permite apreciar la obra sin brillos ni reflejos.<br \/>\nMontado sobre bastidor de pintor de 2&#215;2 cms.<br \/>\nSe entrega embalado en Pluriball.<br \/>\n<strong>L\u00e1minas Fine Art<\/strong><br \/>\nSe entrega enrollada en papel de seda, dentro de un tubo de cart\u00f3n corrugado r\u00edgido que asegura su protecci\u00f3n.<br \/>\n<strong>Envios<\/strong><br \/>\nPor correo o encomienda consultar costo de embalaje.<\/p>\n","protected":false},"excerpt":{"rendered":"<p>LAMINA<br \/>\n30\u00d745 | 40\u00d760 | 50\u00d775 | 60\u00d790<br \/>\nENMARCADO<br \/>\nNatural, Blanco, Negro<br \/>\nCANVAS (Lienzo)<\/p>\n<p>Atenci\u00f3n Personalizada <a href=\"https:\/\/api.whatsapp.com\/send?phone=5491125211108&amp;amp\" target=\"_blank\" rel=\"noopener\"><img loading=\"lazy\" decoding=\"async\" class=\"alignnone wp-image-450\" src=\"https:\/\/danielvarela.art\/store\/wp-content\/uploads\/2025\/03\/whatsapp.png\" alt=\"\" width=\"24\" height=\"24\" \/><\/a><\/p>\n<p>Todas las obras disponibles en este sitio son impresiones Fine Art de edici\u00f3n abierta, impresas bajo supervisi\u00f3n del artista, firmadas a mano y acompa\u00f1adas por certificado de autenticidad. Cada reproducci\u00f3n es fiel a la obra digital original y producida en condiciones de alta calidad.<\/p>\n<p>Para contactarnos, d\u00e9janos tus datos y la referencia del Fine Art, esta informaci\u00f3n nos llegar\u00e1 autom\u00e1ticamente.<br \/>\nResponderemos a la brevedad con la informaci\u00f3n adicional y los medios de pago disponibles para realizar la compra.<\/p>\n","protected":false},"featured_media":188,"comment_status":"open","ping_status":"closed","template":"","meta":{"site-sidebar-layout":"no-sidebar","site-content-layout":"","ast-site-content-layout":"default","site-content-style":"default","site-sidebar-style":"default","ast-global-header-display":"","ast-banner-title-visibility":"","ast-main-header-display":"","ast-hfb-above-header-display":"","ast-hfb-below-header-display":"","ast-hfb-mobile-header-display":"","site-post-title":"","ast-breadcrumbs-content":"","ast-featured-img":"","footer-sml-layout":"","theme-transparent-header-meta":"default","adv-header-id-meta":"","stick-header-meta":"","header-above-stick-meta":"","header-main-stick-meta":"","header-below-stick-meta":"","astra-migrate-meta-layouts":"set","ast-page-background-enabled":"default","ast-page-background-meta":{"desktop":{"background-color":"var(--ast-global-color-5)","background-image":"","background-repeat":"repeat","background-position":"center center","background-size":"auto","background-attachment":"scroll","background-type":"","background-media":"","overlay-type":"","overlay-color":"","overlay-opacity":"","overlay-gradient":""},"tablet":{"background-color":"","background-image":"","background-repeat":"repeat","background-position":"center center","background-size":"auto","background-attachment":"scroll","background-type":"","background-media":"","overlay-type":"","overlay-color":"","overlay-opacity":"","overlay-gradient":""},"mobile":{"background-color":"","background-image":"","background-repeat":"repeat","background-position":"center center","background-size":"auto","background-attachment":"scroll","background-type":"","background-media":"","overlay-type":"","overlay-color":"","overlay-opacity":"","overlay-gradient":""}},"ast-content-background-meta":{"desktop":{"background-color":"var(--ast-global-color-4)","background-image":"","background-repeat":"repeat","background-position":"center center","background-size":"auto","background-attachment":"scroll","background-type":"","background-media":"","overlay-type":"","overlay-color":"","overlay-opacity":"","overlay-gradient":""},"tablet":{"background-color":"var(--ast-global-color-4)","background-image":"","background-repeat":"repeat","background-position":"center center","background-size":"auto","background-attachment":"scroll","background-type":"","background-media":"","overlay-type":"","overlay-color":"","overlay-opacity":"","overlay-gradient":""},"mobile":{"background-color":"var(--ast-global-color-4)","background-image":"","background-repeat":"repeat","background-position":"center center","background-size":"auto","background-attachment":"scroll","background-type":"","background-media":"","overlay-type":"","overlay-color":"","overlay-opacity":"","overlay-gradient":""}}},"product_cat":[20],"product_tag":[],"class_list":{"0":"post-187","1":"product","2":"type-product","3":"status-publish","4":"has-post-thumbnail","6":"product_cat-fine-art","7":"desktop-align-left","8":"tablet-align-left","9":"mobile-align-left","11":"first","12":"instock","13":"shipping-taxable","14":"product-type-simple"},"_links":{"self":[{"href":"https:\/\/danielvarela.art\/store\/wp-json\/wp\/v2\/product\/187","targetHints":{"allow":["GET"]}}],"collection":[{"href":"https:\/\/danielvarela.art\/store\/wp-json\/wp\/v2\/product"}],"about":[{"href":"https:\/\/danielvarela.art\/store\/wp-json\/wp\/v2\/types\/product"}],"replies":[{"embeddable":true,"href":"https:\/\/danielvarela.art\/store\/wp-json\/wp\/v2\/comments?post=187"}],"wp:featuredmedia":[{"embeddable":true,"href":"https:\/\/danielvarela.art\/store\/wp-json\/wp\/v2\/media\/188"}],"wp:attachment":[{"href":"https:\/\/danielvarela.art\/store\/wp-json\/wp\/v2\/media?parent=187"}],"wp:term":[{"taxonomy":"product_cat","embeddable":true,"href":"https:\/\/danielvarela.art\/store\/wp-json\/wp\/v2\/product_cat?post=187"},{"taxonomy":"product_tag","embeddable":true,"href":"https:\/\/danielvarela.art\/store\/wp-json\/wp\/v2\/product_tag?post=187"}],"curies":[{"name":"wp","href":"https:\/\/api.w.org\/{rel}","templated":true}]}}