{"id":66,"date":"2025-01-17T18:39:50","date_gmt":"2025-01-17T18:39:50","guid":{"rendered":"https:\/\/danielvarela.art\/store\/?page_id=66"},"modified":"2025-07-16T21:10:31","modified_gmt":"2025-07-16T21:10:31","slug":"preguntas-frecuentes","status":"publish","type":"page","link":"https:\/\/danielvarela.art\/store\/preguntas-frecuentes\/","title":{"rendered":"Preguntas Frecuentes"},"content":{"rendered":"<p><strong>Procedimiento de Compra<\/strong><br \/>\n<strong>1<\/strong>&#8211; Naveg\u00e1 por la tienda en la categor\u00eda \u00abArt Print &amp; Posters\u00bb.<br \/>\n<strong>2<\/strong>&#8211; Eleg\u00ed la obra que m\u00e1s te guste y hac\u00e9 clic en \u00ab<strong>VER OBRA<\/strong>\u00bb \/ \u00ab<strong>SOLICITAR ESTA OBRA<\/strong>\u00bb . Complet\u00e1 tus datos (Nombre, Email, WhatsApp), referencia del Art Print y Formato\/Precio.<br \/>\n<strong>3<\/strong>&#8211; Te responderemos con la informaci\u00f3n necesaria para finalizar la compra, incluyendo la referencia de la obra, el n\u00famero de orden, los medios de pago, y el costo de env\u00edo o la opci\u00f3n de retiro en nuestro taller ubicado en Buenos Aires, Capital Federal.<\/p>\n<p><strong>Formas de Pago<\/strong><br \/>\n<span style=\"font-size: 16px;\">Mercadopago: Tarjeta de Cr\u00e9dito, D\u00e9bito, o Efectivo a trav\u00e9s de Rapipago o Pago F\u00e1cil.<\/span><\/p>\n<p><strong>Env\u00edos<\/strong><br \/>\nRealizamos env\u00edos a todo el pa\u00eds a trav\u00e9s de Correo Argentino, ya sea a domicilio o a sucursal, seg\u00fan tu preferencia. (A Tierra del Fuego solo enviamos a sucursales). Cuando tu pedido sea despachado, recibir\u00e1s el n\u00famero de seguimiento por correo electr\u00f3nico.<\/p>\n<p><strong>Tiempo de Producci\u00f3n<\/strong><br \/>\nCada cuadro es hecho artesanalmente y de manera exclusiva para cada cliente. El tiempo de producci\u00f3n es de 10 d\u00edas h\u00e1biles (no se consideran fines de semana ni feriados). Una vez despachado, el pedido suele demorar entre 2 y 7 d\u00edas h\u00e1biles en llegar a destino.<\/p>\n<p><strong>Pedido Da\u00f1ado<\/strong><br \/>\n<span style=\"font-size: 16px;\">Si el vidrio lleg\u00f3 roto, o el marco y\/o la l\u00e1mina est\u00e1n da\u00f1ados por el vidrio roto, no te preocupes.<br \/>\nCont\u00e1ctanos dentro de las 24 horas de haber recibido el paquete.<br \/>\nSin embargo, esto es poco com\u00fan, ya que conocemos c\u00f3mo se manejan las encomiendas en el correo y ponemos especial cuidado en el embalaje. Tus productos van muy bien protegidos.<\/span><\/p>\n<p><strong>\u00bfTen\u00e9s alguna duda?<\/strong><br \/>\nEstamos aqu\u00ed para ayudarte. Escribinos por WhatsApp y con gusto responderemos todas tus consultas.<\/p>\n","protected":false},"excerpt":{"rendered":"<p>Procedimiento de Compra 1&#8211; Naveg\u00e1 por la tienda en la categor\u00eda \u00abArt Print &amp; Posters\u00bb. 2&#8211; Eleg\u00ed la obra que [&hellip;]<\/p>\n","protected":false},"author":2,"featured_media":0,"parent":0,"menu_order":0,"comment_status":"closed","ping_status":"closed","template":"","meta":{"site-sidebar-layout":"default","site-content-layout":"","ast-site-content-layout":"default","site-content-style":"default","site-sidebar-style":"default","ast-global-header-display":"","ast-banner-title-visibility":"","ast-main-header-display":"","ast-hfb-above-header-display":"","ast-hfb-below-header-display":"","ast-hfb-mobile-header-display":"","site-post-title":"","ast-breadcrumbs-content":"","ast-featured-img":"","footer-sml-layout":"","theme-transparent-header-meta":"default","adv-header-id-meta":"","stick-header-meta":"","header-above-stick-meta":"","header-main-stick-meta":"","header-below-stick-meta":"","astra-migrate-meta-layouts":"set","ast-page-background-enabled":"default","ast-page-background-meta":{"desktop":{"background-color":"var(--ast-global-color-5)","background-image":"","background-repeat":"repeat","background-position":"center center","background-size":"auto","background-attachment":"scroll","background-type":"","background-media":"","overlay-type":"","overlay-color":"","overlay-opacity":"","overlay-gradient":""},"tablet":{"background-color":"","background-image":"","background-repeat":"repeat","background-position":"center center","background-size":"auto","background-attachment":"scroll","background-type":"","background-media":"","overlay-type":"","overlay-color":"","overlay-opacity":"","overlay-gradient":""},"mobile":{"background-color":"","background-image":"","background-repeat":"repeat","background-position":"center center","background-size":"auto","background-attachment":"scroll","background-type":"","background-media":"","overlay-type":"","overlay-color":"","overlay-opacity":"","overlay-gradient":""}},"ast-content-background-meta":{"desktop":{"background-color":"var(--ast-global-color-4)","background-image":"","background-repeat":"repeat","background-position":"center center","background-size":"auto","background-attachment":"scroll","background-type":"","background-media":"","overlay-type":"","overlay-color":"","overlay-opacity":"","overlay-gradient":""},"tablet":{"background-color":"var(--ast-global-color-4)","background-image":"","background-repeat":"repeat","background-position":"center center","background-size":"auto","background-attachment":"scroll","background-type":"","background-media":"","overlay-type":"","overlay-color":"","overlay-opacity":"","overlay-gradient":""},"mobile":{"background-color":"var(--ast-global-color-4)","background-image":"","background-repeat":"repeat","background-position":"center center","background-size":"auto","background-attachment":"scroll","background-type":"","background-media":"","overlay-type":"","overlay-color":"","overlay-opacity":"","overlay-gradient":""}},"footnotes":""},"class_list":["post-66","page","type-page","status-publish","hentry"],"_links":{"self":[{"href":"https:\/\/danielvarela.art\/store\/wp-json\/wp\/v2\/pages\/66","targetHints":{"allow":["GET"]}}],"collection":[{"href":"https:\/\/danielvarela.art\/store\/wp-json\/wp\/v2\/pages"}],"about":[{"href":"https:\/\/danielvarela.art\/store\/wp-json\/wp\/v2\/types\/page"}],"author":[{"embeddable":true,"href":"https:\/\/danielvarela.art\/store\/wp-json\/wp\/v2\/users\/2"}],"replies":[{"embeddable":true,"href":"https:\/\/danielvarela.art\/store\/wp-json\/wp\/v2\/comments?post=66"}],"version-history":[{"count":10,"href":"https:\/\/danielvarela.art\/store\/wp-json\/wp\/v2\/pages\/66\/revisions"}],"predecessor-version":[{"id":377,"href":"https:\/\/danielvarela.art\/store\/wp-json\/wp\/v2\/pages\/66\/revisions\/377"}],"wp:attachment":[{"href":"https:\/\/danielvarela.art\/store\/wp-json\/wp\/v2\/media?parent=66"}],"curies":[{"name":"wp","href":"https:\/\/api.w.org\/{rel}","templated":true}]}}